{"id":6895,"date":"2025-12-24T15:19:55","date_gmt":"2025-12-24T14:19:55","guid":{"rendered":"https:\/\/dev8.screenup.com\/produit\/figurine-hawaienne-luna-pour-tableau-de-bord-voiture-10-cm\/"},"modified":"2026-04-09T02:11:20","modified_gmt":"2026-04-09T00:11:20","slug":"hawaiian-doll-hula-doll-luna-10-cm","status":"publish","type":"product","link":"https:\/\/dev8.screenup.com\/en\/product\/hawaiian-doll-hula-doll-luna-10-cm","title":{"rendered":"Hawaiian DOLL HULA DOLL LUNA (10 cm)"},"content":{"rendered":"<p>Poup\u00e9e Hawaienne Hula<\/p>\n<p>D\u00e9couvrez le charme enchanteur de l\u2019\u00eele d\u2019Hawa\u00ef avec notre poup\u00e9e Hula Girl Luna avec son Ukul\u00e9l\u00e9. Il s&#8217;agit d&#8217; une figurine magnifiquement con\u00e7ue qui apporte l\u2019esprit des \u00eeles directement dans votre voiture ou bureau. Cette poup\u00e9e de 10 cm de hauteur n\u2019est pas seulement une d\u00e9coration, c&#8217;est aussi une c\u00e9l\u00e9bration de la culture et de l\u2019art hawa\u00efens. Chaque poup\u00e9e est sculpt\u00e9e par un artiste et peinte \u00e0 la main avec une attention m\u00e9ticuleuse aux d\u00e9tails. Luna porte une jupe verte vibrante et tient un ukul\u00e9l\u00e9 d\u00e9licatement con\u00e7u.<\/p>\n<p>Fabriqu\u00e9 \u00e0 partir de polyr\u00e9sine durable, notre Hula Girl est construite pour durer. Elle est livr\u00e9 avec une base adh\u00e9sive qui assure un montage facile et s\u00fbr sur n\u2019importe quel tableau de bord ou surface plane. Observez son mouvement, qui ajoute une pr\u00e9sence apaisante \u00e0 vos d\u00e9placements quotidiens ou votre environnement de travail.<\/p>\n<p>Cette poup\u00e9e unique a \u00e9galement fait des apparitions dans les m\u00e9dias populaires, en vedette dans le film \u00ab\u00a0Alien\u00a0: Covenant\u00a0\u00bb ainsi que dans des \u00e9missions de t\u00e9l\u00e9vision comme \u00ab\u00a0Agents of Shield\u00a0\u00bb et \u00ab\u00a0Hawaii Five-0\u00a0\u00bb, qui soulignent son attrait et son authenticit\u00e9 en tant qu\u2019\u0153uvre d\u2019art hawa\u00efenne.<\/p>\n<p>Id\u00e9al pour les collectionneurs et les amateurs de souvenirs hawa\u00efens, ou comme un cadeau r\u00e9fl\u00e9chi \u00e0 ceux qui appr\u00e9cient des artefacts culturels uniques, la poup\u00e9e Hula Girl Luna avec son Ukulele\u00a0 est plus qu\u2019un simple souvenir. C\u2019est un petit morceau d\u2019Hawa\u00ef qui c\u00e9l\u00e8bre son riche patrimoine musical et ses expressions culturelles vibrantes, rendant chaque jour un peu plus sp\u00e9cial.<\/p>\n<ul>\n<li>Hauteur : 10,4 cm<\/li>\n<li>Fixation : adh\u00e9sif<\/li>\n<\/ul>\n<p>\u00a0<\/p>\n\n<p id=\"block-O5loquDupp\" class=\"wp-block-nectar-blocks-text nectar-blocks-text\">Cette poup\u00e9e danseuse Hawaiienne, peinte \u00e0 la main est made in China mais import\u00e9e d&#8217;Hawaii<\/p>\n","protected":false},"excerpt":{"rendered":"<p>Hawaiian luna doll! This little Polynesian dancer will bring the sunny spirit of Hawaii to your dashboard every day.<\/p>\n","protected":false},"featured_media":6896,"template":"","meta":[],"product_brand":[],"product_cat":[76,105],"product_tag":[],"class_list":{"0":"post-6895","1":"product","2":"type-product","3":"status-publish","4":"has-post-thumbnail","6":"product_cat-goodies","7":"product_cat-hawaiian-dolls","9":"first","10":"instock","11":"taxable","12":"shipping-taxable","13":"purchasable","14":"product-type-simple"},"_links":{"self":[{"href":"https:\/\/dev8.screenup.com\/en\/wp-json\/wp\/v2\/product\/6895","targetHints":{"allow":["GET"]}}],"collection":[{"href":"https:\/\/dev8.screenup.com\/en\/wp-json\/wp\/v2\/product"}],"about":[{"href":"https:\/\/dev8.screenup.com\/en\/wp-json\/wp\/v2\/types\/product"}],"wp:featuredmedia":[{"embeddable":true,"href":"https:\/\/dev8.screenup.com\/en\/wp-json\/wp\/v2\/media\/6896"}],"wp:attachment":[{"href":"https:\/\/dev8.screenup.com\/en\/wp-json\/wp\/v2\/media?parent=6895"}],"wp:term":[{"taxonomy":"product_brand","embeddable":true,"href":"https:\/\/dev8.screenup.com\/en\/wp-json\/wp\/v2\/product_brand?post=6895"},{"taxonomy":"product_cat","embeddable":true,"href":"https:\/\/dev8.screenup.com\/en\/wp-json\/wp\/v2\/product_cat?post=6895"},{"taxonomy":"product_tag","embeddable":true,"href":"https:\/\/dev8.screenup.com\/en\/wp-json\/wp\/v2\/product_tag?post=6895"}],"curies":[{"name":"wp","href":"https:\/\/api.w.org\/{rel}","templated":true}]}}