{"id":6903,"date":"2025-12-24T15:19:55","date_gmt":"2025-12-24T14:19:55","guid":{"rendered":"https:\/\/dev8.screenup.com\/produit\/figurine-hawaienne-mahina-hula-pour-tableau-de-bord-voiture-10-cm\/"},"modified":"2026-04-09T02:11:25","modified_gmt":"2026-04-09T00:11:25","slug":"hawaiian-hula-doll-mahina-10-cm","status":"publish","type":"product","link":"https:\/\/dev8.screenup.com\/en\/product\/hawaiian-hula-doll-mahina-10-cm","title":{"rendered":"Hawaiian HULA DOLL MAHINA (10 cm)"},"content":{"rendered":"<p>Poup\u00e9e tableau de bord hawaii<\/p>\n<p>D\u00e9couvrez l\u2019esprit enchanteur d\u2019Aloha avec notre poup\u00e9e de tableau de bord Hula Girl Mahina, un bijou artisanal qui incarne la beaut\u00e9 tropicale et la culture vibrante des \u00eeles hawa\u00efennes. Cette poup\u00e9e exquise, haute de 4 pouces 11,24 xn, n\u2019est pas seulement une pi\u00e8ce d\u00e9corative mais un symbole du paradis qui apporte le style de vie hawa\u00efen directement sur votre tableau de bord ou sur votre bureau.<\/p>\n<p>Sculpt\u00e9e par un artiste talentueux et peinte \u00e0 la main avec une attention m\u00e9ticuleuse aux d\u00e9tails, chaque poup\u00e9e est le fruit d\u2019un travail artisanal unique qui en fait plus qu\u2019un simple souvenir : c\u2019est une \u0153uvre d\u2019art. Fabriqu\u00e9 en polyr\u00e9sine durable, elle est con\u00e7u pour durer et vous permettra de profiter d\u2019un morceau d\u2019Hawa\u00ef dans votre vie quotidienne durant les ann\u00e9es \u00e0 venir.<\/p>\n<p>La poup\u00e9e est dot\u00e9e d\u2019une base adh\u00e9sive qui lui permet de rester bien en place, qu\u2019elle soit affich\u00e9e sur le tableau de bord de votre voiture pendant les sorties ensoleill\u00e9es ou sur votre bureau pour vous offrir un agr\u00e9able s\u00e9jour dans les \u00eeles ou pendant votre journ\u00e9e de travail. Sa taille compacte en fait un ajout subtil mais charmant \u00e0 tout espace, offrant un rappel constant de la beaut\u00e9 sereine et riche culture des \u00eeles.<\/p>\n<p>Laissez notre poup\u00e9e de tableau de bord Hula Girl Mahina Hawaii se balancer doucement dans votre environnement, transformant votre voiture ou votre espace de travail en une mini-oasis de charme hawa\u00efen. C\u2019est le moyen id\u00e9al pour garder l\u2019esprit de l\u2019\u00eele vivant, rendant les moments quotidiens un peu plus lumineux et joyeux.<\/p>\n<p>Cette poup\u00e9e danseuse Hawaiienne, peinte \u00e0 la main est made in China mais import\u00e9e d&#8217;Hawaii<\/p>\n<ul>\n<li><strong>Hauteur :<\/strong> 11,24 cm<\/li>\n<li><strong>Fixation :<\/strong> adh\u00e9sif<\/li>\n<\/ul>\n","protected":false},"excerpt":{"rendered":"<p>MAHINA is a Hawaiian Hula Dashboard Dolls car figurine! This little Hawaiian dancing doll is made from quality materials, it will give you a tropical atmosphere every day in your car.<\/p>\n","protected":false},"featured_media":6904,"template":"","meta":[],"product_brand":[],"product_cat":[76,105],"product_tag":[],"class_list":{"0":"post-6903","1":"product","2":"type-product","3":"status-publish","4":"has-post-thumbnail","6":"product_cat-goodies","7":"product_cat-hawaiian-dolls","9":"first","10":"instock","11":"taxable","12":"shipping-taxable","13":"purchasable","14":"product-type-simple"},"_links":{"self":[{"href":"https:\/\/dev8.screenup.com\/en\/wp-json\/wp\/v2\/product\/6903","targetHints":{"allow":["GET"]}}],"collection":[{"href":"https:\/\/dev8.screenup.com\/en\/wp-json\/wp\/v2\/product"}],"about":[{"href":"https:\/\/dev8.screenup.com\/en\/wp-json\/wp\/v2\/types\/product"}],"wp:featuredmedia":[{"embeddable":true,"href":"https:\/\/dev8.screenup.com\/en\/wp-json\/wp\/v2\/media\/6904"}],"wp:attachment":[{"href":"https:\/\/dev8.screenup.com\/en\/wp-json\/wp\/v2\/media?parent=6903"}],"wp:term":[{"taxonomy":"product_brand","embeddable":true,"href":"https:\/\/dev8.screenup.com\/en\/wp-json\/wp\/v2\/product_brand?post=6903"},{"taxonomy":"product_cat","embeddable":true,"href":"https:\/\/dev8.screenup.com\/en\/wp-json\/wp\/v2\/product_cat?post=6903"},{"taxonomy":"product_tag","embeddable":true,"href":"https:\/\/dev8.screenup.com\/en\/wp-json\/wp\/v2\/product_tag?post=6903"}],"curies":[{"name":"wp","href":"https:\/\/api.w.org\/{rel}","templated":true}]}}