{"id":7245,"date":"2025-12-24T15:19:37","date_gmt":"2025-12-24T14:19:37","guid":{"rendered":"https:\/\/dev8.screenup.com\/produit\/plaque-metal-decorative-tiki-bar\/"},"modified":"2026-04-09T02:06:33","modified_gmt":"2026-04-09T00:06:33","slug":"tiki-bar-decorative-metal-plate-2","status":"publish","type":"product","link":"https:\/\/dev8.screenup.com\/en\/product\/tiki-bar-decorative-metal-plate-2","title":{"rendered":"TIKI BAR DECORATIVE METAL PLATE"},"content":{"rendered":"\n<p>Si vous \u00eates dans un amoureux des plages tropicales, des Tiki Bar, un collectionneur de d\u00e9co vintage, ou simplement un fan des bords de mer, alors cette d\u00e9coration murale sera parfaite.<\/p>\n\n<p>En acier recouvert d&#8217;une s\u00e9rigraphie vernie, cette plaque se fixe uniquement \u00e0 l\u2019int\u00e9rieur. Elle ne r\u00e9siste pas aux UV, \u00e0 la pluie, \u00e0 la neige \u00e9galement.<\/p>\n\n<p>Elle sera id\u00e9ale pour d\u00e9corer les murs de votre habitation, votre lieu de travail ou votre bar.<\/p>\n\n<p>Cette plaque sera parfaite sur votre Tiki Bar, aussi elle vous invite \u00e0 prendre du bon temps au bar, tranquille sur une plage ensoleill\u00e9e.\u00a0<\/p>\n\n<p>C\u2019est \u00e9galement une une id\u00e9e cadeau qui ne d\u00e9\u00e7oit jamais.<\/p>\n","protected":false},"excerpt":{"rendered":"<p>Plate made in China Indoor use exclusively. 20X30CM<\/p>\n","protected":false},"featured_media":7246,"template":"","meta":[],"product_brand":[],"product_cat":[122,76],"product_tag":[],"class_list":{"0":"post-7245","1":"product","2":"type-product","3":"status-publish","4":"has-post-thumbnail","6":"product_cat-decorative-metal-plaques","7":"product_cat-goodies","9":"first","10":"instock","11":"sale","12":"taxable","13":"shipping-taxable","14":"purchasable","15":"product-type-simple"},"_links":{"self":[{"href":"https:\/\/dev8.screenup.com\/en\/wp-json\/wp\/v2\/product\/7245","targetHints":{"allow":["GET"]}}],"collection":[{"href":"https:\/\/dev8.screenup.com\/en\/wp-json\/wp\/v2\/product"}],"about":[{"href":"https:\/\/dev8.screenup.com\/en\/wp-json\/wp\/v2\/types\/product"}],"wp:featuredmedia":[{"embeddable":true,"href":"https:\/\/dev8.screenup.com\/en\/wp-json\/wp\/v2\/media\/7246"}],"wp:attachment":[{"href":"https:\/\/dev8.screenup.com\/en\/wp-json\/wp\/v2\/media?parent=7245"}],"wp:term":[{"taxonomy":"product_brand","embeddable":true,"href":"https:\/\/dev8.screenup.com\/en\/wp-json\/wp\/v2\/product_brand?post=7245"},{"taxonomy":"product_cat","embeddable":true,"href":"https:\/\/dev8.screenup.com\/en\/wp-json\/wp\/v2\/product_cat?post=7245"},{"taxonomy":"product_tag","embeddable":true,"href":"https:\/\/dev8.screenup.com\/en\/wp-json\/wp\/v2\/product_tag?post=7245"}],"curies":[{"name":"wp","href":"https:\/\/api.w.org\/{rel}","templated":true}]}}