{"id":7417,"date":"2025-12-24T15:19:17","date_gmt":"2025-12-24T14:19:17","guid":{"rendered":"https:\/\/dev8.screenup.com\/produit\/plaque-metal-decorative-vie-de-snowboard\/"},"modified":"2026-04-08T17:07:12","modified_gmt":"2026-04-08T15:07:12","slug":"life-is-only-snowboard-decorative-metal-sign","status":"publish","type":"product","link":"https:\/\/dev8.screenup.com\/en\/product\/life-is-only-snowboard-decorative-metal-sign","title":{"rendered":"LIFE IS ONLY SNOWBOARD DECORATIVE METAL SIGN"},"content":{"rendered":"\n<p>Made in USA<\/p>\n\n\n\n<p>En aluminium que l\u2019on peut fixer \u00e0 l\u2019ext\u00e9rieur (r\u00e9siste au soleil, \u00e0 la pluie, au froid).<\/p>\n\n\n\n<p>Ces mod\u00e8les seront sous peu collectors.<\/p>\n\n\n\n<p>La soci\u00e9t\u00e9 US qui nous les fabriquait en Californie a cess\u00e9 son activit\u00e9.<\/p>\n\n\n\n<p>Le gouvernement Am\u00e9ricain ayant lourdement tax\u00e9 l\u2019alu import\u00e9.<\/p>\n\n\n\n<p>Celui made in USA \u00e9tant, lui, trop cher pour produire des plaques de d\u00e9co.<\/p>\n\n\n\n<p>Il ne nous reste donc comme source d\u2019approvisionnement pour l\u2019avenir que les plaques acier made in China, pour usage int\u00e9rieur et d\u2019une qualit\u00e9 nettement inf\u00e9rieure.<\/p>\n\n\n\n<p>Ces plaques US sont donc devenues des objets de collection.<\/p>\n","protected":false},"excerpt":{"rendered":"<p>Decorative metal plaque SNOW BOARD Sports Winter 20 x 30 cm<\/p>\n","protected":false},"featured_media":7418,"template":"","meta":[],"product_brand":[40],"product_cat":[122,76],"product_tag":[],"class_list":{"0":"post-7417","1":"product","2":"type-product","3":"status-publish","4":"has-post-thumbnail","6":"product_brand-surf-pistols","7":"product_cat-decorative-metal-plaques","8":"product_cat-goodies","10":"first","11":"instock","12":"sale","13":"taxable","14":"shipping-taxable","15":"purchasable","16":"product-type-simple"},"_links":{"self":[{"href":"https:\/\/dev8.screenup.com\/en\/wp-json\/wp\/v2\/product\/7417","targetHints":{"allow":["GET"]}}],"collection":[{"href":"https:\/\/dev8.screenup.com\/en\/wp-json\/wp\/v2\/product"}],"about":[{"href":"https:\/\/dev8.screenup.com\/en\/wp-json\/wp\/v2\/types\/product"}],"wp:featuredmedia":[{"embeddable":true,"href":"https:\/\/dev8.screenup.com\/en\/wp-json\/wp\/v2\/media\/7418"}],"wp:attachment":[{"href":"https:\/\/dev8.screenup.com\/en\/wp-json\/wp\/v2\/media?parent=7417"}],"wp:term":[{"taxonomy":"product_brand","embeddable":true,"href":"https:\/\/dev8.screenup.com\/en\/wp-json\/wp\/v2\/product_brand?post=7417"},{"taxonomy":"product_cat","embeddable":true,"href":"https:\/\/dev8.screenup.com\/en\/wp-json\/wp\/v2\/product_cat?post=7417"},{"taxonomy":"product_tag","embeddable":true,"href":"https:\/\/dev8.screenup.com\/en\/wp-json\/wp\/v2\/product_tag?post=7417"}],"curies":[{"name":"wp","href":"https:\/\/api.w.org\/{rel}","templated":true}]}}